{"id":7,"date":"2021-04-21T16:59:50","date_gmt":"2021-04-21T14:59:50","guid":{"rendered":"http:\/\/ifly.io\/?page_id=7"},"modified":"2021-10-12T14:14:54","modified_gmt":"2021-10-12T12:14:54","slug":"contact","status":"publish","type":"page","link":"https:\/\/ifly.io\/?page_id=7","title":{"rendered":"Kontakt"},"content":{"rendered":"\r\n<p>&nbsp;<\/p>\r\n\n<div class=\"wpcf7 no-js\" id=\"wpcf7-f569-o1\" lang=\"de-DE\" dir=\"ltr\" data-wpcf7-id=\"569\">\n<div class=\"screen-reader-response\"><p role=\"status\" aria-live=\"polite\" aria-atomic=\"true\"><\/p> <ul><\/ul><\/div>\n<form action=\"\/index.php?rest_route=%2Fwp%2Fv2%2Fpages%2F7#wpcf7-f569-o1\" method=\"post\" class=\"wpcf7-form init\" aria-label=\"Kontaktformular\" novalidate=\"novalidate\" data-status=\"init\">\n<div style=\"display: none;\">\n<input type=\"hidden\" name=\"_wpcf7\" value=\"569\" \/>\n<input type=\"hidden\" name=\"_wpcf7_version\" value=\"6.0.5\" \/>\n<input type=\"hidden\" name=\"_wpcf7_locale\" value=\"de_DE\" \/>\n<input type=\"hidden\" name=\"_wpcf7_unit_tag\" value=\"wpcf7-f569-o1\" \/>\n<input type=\"hidden\" name=\"_wpcf7_container_post\" value=\"0\" \/>\n<input type=\"hidden\" name=\"_wpcf7_posted_data_hash\" value=\"\" \/>\n<\/div>\n<p><label> Bitte w\u00e4hle:<\/label>\n<\/p>\n<p><span class=\"wpcf7-form-control-wrap\" data-name=\"checkbox-40\"><span class=\"wpcf7-form-control wpcf7-checkbox wpcf7-validates-as-required\"><span class=\"wpcf7-list-item first\"><input type=\"checkbox\" name=\"checkbox-40[]\" value=\"Ich m\u00f6chte einen Rundflug f\u00fcr mich buchen\" \/><span class=\"wpcf7-list-item-label\">Ich m\u00f6chte einen Rundflug f\u00fcr mich buchen<\/span><\/span><span class=\"wpcf7-list-item last\"><input type=\"checkbox\" name=\"checkbox-40[]\" value=\"Ich m\u00f6chte einen Gutschein verschenken\" \/><span class=\"wpcf7-list-item-label\">Ich m\u00f6chte einen Gutschein verschenken<\/span><\/span><\/span><\/span>\n<\/p>\n<p><label> Wenn Du einen Wunschtermin hast, teile ihn uns hier mit: (optional)<br \/>\n<span class=\"wpcf7-form-control-wrap\" data-name=\"wunschtermin\"><input size=\"40\" maxlength=\"400\" class=\"wpcf7-form-control wpcf7-text\" aria-invalid=\"false\" value=\"\" type=\"text\" name=\"wunschtermin\" \/><\/span> <\/label>\n<\/p>\n<p><label> Dein Name<br \/>\n<span class=\"wpcf7-form-control-wrap\" data-name=\"your-name\"><input size=\"40\" maxlength=\"400\" class=\"wpcf7-form-control wpcf7-text wpcf7-validates-as-required\" aria-required=\"true\" aria-invalid=\"false\" value=\"\" type=\"text\" name=\"your-name\" \/><\/span> <\/label>\n<\/p>\n<p><label> Deine E-Mail-Adresse<br \/>\n<span class=\"wpcf7-form-control-wrap\" data-name=\"your-email\"><input size=\"40\" maxlength=\"400\" class=\"wpcf7-form-control wpcf7-email wpcf7-validates-as-required wpcf7-text wpcf7-validates-as-email\" aria-required=\"true\" aria-invalid=\"false\" value=\"\" type=\"email\" name=\"your-email\" \/><\/span> <\/label>\n<\/p>\n<p><label> Deine Telefonnummer<br \/>\n<span class=\"wpcf7-form-control-wrap\" data-name=\"your-phone\"><input size=\"40\" maxlength=\"400\" class=\"wpcf7-form-control wpcf7-text wpcf7-validates-as-required\" aria-required=\"true\" aria-invalid=\"false\" value=\"\" type=\"text\" name=\"your-phone\" \/><\/span> <\/label>\n<\/p>\n<p><label> Betreff<br \/>\n<span class=\"wpcf7-form-control-wrap\" data-name=\"your-subject\"><input size=\"40\" maxlength=\"400\" class=\"wpcf7-form-control wpcf7-text\" aria-invalid=\"false\" value=\"\" type=\"text\" name=\"your-subject\" \/><\/span> <\/label>\n<\/p>\n<p><label> Deine Nachricht (optional)<br \/>\n<span class=\"wpcf7-form-control-wrap\" data-name=\"your-message\"><textarea cols=\"40\" rows=\"10\" maxlength=\"2000\" class=\"wpcf7-form-control wpcf7-textarea\" aria-invalid=\"false\" name=\"your-message\"><\/textarea><\/span> <\/label>\n<\/p>\n<p><input class=\"wpcf7-form-control wpcf7-submit has-spinner\" type=\"submit\" value=\"Senden\" \/>\n<\/p><p style=\"display: none !important;\" class=\"akismet-fields-container\" data-prefix=\"_wpcf7_ak_\"><label>&#916;<textarea name=\"_wpcf7_ak_hp_textarea\" cols=\"45\" rows=\"8\" maxlength=\"100\"><\/textarea><\/label><input type=\"hidden\" id=\"ak_js_1\" name=\"_wpcf7_ak_js\" value=\"131\"\/><script>document.getElementById( \"ak_js_1\" ).setAttribute( \"value\", ( new Date() ).getTime() );<\/script><\/p><div class=\"wpcf7-response-output\" aria-hidden=\"true\"><\/div>\n<\/form>\n<\/div>\n\r\n","protected":false},"excerpt":{"rendered":"<p>&nbsp;<\/p>\n","protected":false},"author":1,"featured_media":0,"parent":0,"menu_order":0,"comment_status":"closed","ping_status":"closed","template":"","meta":{"footnotes":""},"class_list":["post-7","page","type-page","status-publish","hentry"],"yoast_head":"<!-- This site is optimized with the Yoast SEO plugin v27.4 - https:\/\/yoast.com\/product\/yoast-seo-wordpress\/ -->\n<title>Kontakt - IFly.io - Rundfl\u00fcge &amp; Flugerlebnisse<\/title>\n<meta name=\"robots\" content=\"index, follow, max-snippet:-1, max-image-preview:large, max-video-preview:-1\" \/>\n<link rel=\"canonical\" href=\"https:\/\/ifly.io\/?page_id=7\" \/>\n<meta property=\"og:locale\" content=\"de_DE\" \/>\n<meta property=\"og:type\" content=\"article\" \/>\n<meta property=\"og:title\" content=\"Kontakt - IFly.io - Rundfl\u00fcge &amp; Flugerlebnisse\" \/>\n<meta property=\"og:description\" content=\"&nbsp;\" \/>\n<meta property=\"og:url\" content=\"https:\/\/ifly.io\/?page_id=7\" \/>\n<meta property=\"og:site_name\" content=\"IFly.io - Rundfl\u00fcge &amp; Flugerlebnisse\" \/>\n<meta property=\"article:modified_time\" content=\"2021-10-12T12:14:54+00:00\" \/>\n<meta name=\"twitter:card\" content=\"summary_large_image\" \/>\n<meta name=\"twitter:label1\" content=\"Gesch\u00e4tzte Lesezeit\" \/>\n\t<meta name=\"twitter:data1\" content=\"1\u00a0Minute\" \/>\n<script type=\"application\/ld+json\" class=\"yoast-schema-graph\">{\"@context\":\"https:\\\/\\\/schema.org\",\"@graph\":[{\"@type\":\"WebPage\",\"@id\":\"https:\\\/\\\/ifly.io\\\/?page_id=7\",\"url\":\"https:\\\/\\\/ifly.io\\\/?page_id=7\",\"name\":\"Kontakt - IFly.io - Rundfl\u00fcge &amp; Flugerlebnisse\",\"isPartOf\":{\"@id\":\"https:\\\/\\\/ifly.io\\\/#website\"},\"datePublished\":\"2021-04-21T14:59:50+00:00\",\"dateModified\":\"2021-10-12T12:14:54+00:00\",\"breadcrumb\":{\"@id\":\"https:\\\/\\\/ifly.io\\\/?page_id=7#breadcrumb\"},\"inLanguage\":\"de\",\"potentialAction\":[{\"@type\":\"ReadAction\",\"target\":[\"https:\\\/\\\/ifly.io\\\/?page_id=7\"]}]},{\"@type\":\"BreadcrumbList\",\"@id\":\"https:\\\/\\\/ifly.io\\\/?page_id=7#breadcrumb\",\"itemListElement\":[{\"@type\":\"ListItem\",\"position\":1,\"name\":\"Startseite\",\"item\":\"https:\\\/\\\/ifly.io\\\/\"},{\"@type\":\"ListItem\",\"position\":2,\"name\":\"Kontakt\"}]},{\"@type\":\"WebSite\",\"@id\":\"https:\\\/\\\/ifly.io\\\/#website\",\"url\":\"https:\\\/\\\/ifly.io\\\/\",\"name\":\"IFly.io - Rundfl\u00fcge &amp; Flugerlebnisse\",\"description\":\"Rundfl\u00fcge \u00fcber Frankfurt, die Skyline &amp; das Rhein-Main-Gebiet\",\"publisher\":{\"@id\":\"https:\\\/\\\/ifly.io\\\/#organization\"},\"potentialAction\":[{\"@type\":\"SearchAction\",\"target\":{\"@type\":\"EntryPoint\",\"urlTemplate\":\"https:\\\/\\\/ifly.io\\\/?s={search_term_string}\"},\"query-input\":{\"@type\":\"PropertyValueSpecification\",\"valueRequired\":true,\"valueName\":\"search_term_string\"}}],\"inLanguage\":\"de\"},{\"@type\":\"Organization\",\"@id\":\"https:\\\/\\\/ifly.io\\\/#organization\",\"name\":\"IFly.io - Rundfl\u00fcge &amp; Flugerlebnisse\",\"url\":\"https:\\\/\\\/ifly.io\\\/\",\"logo\":{\"@type\":\"ImageObject\",\"inLanguage\":\"de\",\"@id\":\"https:\\\/\\\/ifly.io\\\/#\\\/schema\\\/logo\\\/image\\\/\",\"url\":\"https:\\\/\\\/ifly.io\\\/wp-content\\\/uploads\\\/2022\\\/02\\\/cropped-IFly.io-Rundfluege-Flugerlebnisse-1-e1644747150915.png\",\"contentUrl\":\"https:\\\/\\\/ifly.io\\\/wp-content\\\/uploads\\\/2022\\\/02\\\/cropped-IFly.io-Rundfluege-Flugerlebnisse-1-e1644747150915.png\",\"width\":125,\"height\":126,\"caption\":\"IFly.io - Rundfl\u00fcge &amp; Flugerlebnisse\"},\"image\":{\"@id\":\"https:\\\/\\\/ifly.io\\\/#\\\/schema\\\/logo\\\/image\\\/\"}}]}<\/script>\n<!-- \/ Yoast SEO plugin. -->","yoast_head_json":{"title":"Kontakt - IFly.io - Rundfl\u00fcge &amp; Flugerlebnisse","robots":{"index":"index","follow":"follow","max-snippet":"max-snippet:-1","max-image-preview":"max-image-preview:large","max-video-preview":"max-video-preview:-1"},"canonical":"https:\/\/ifly.io\/?page_id=7","og_locale":"de_DE","og_type":"article","og_title":"Kontakt - IFly.io - Rundfl\u00fcge &amp; Flugerlebnisse","og_description":"&nbsp;","og_url":"https:\/\/ifly.io\/?page_id=7","og_site_name":"IFly.io - Rundfl\u00fcge &amp; Flugerlebnisse","article_modified_time":"2021-10-12T12:14:54+00:00","twitter_card":"summary_large_image","twitter_misc":{"Gesch\u00e4tzte Lesezeit":"1\u00a0Minute"},"schema":{"@context":"https:\/\/schema.org","@graph":[{"@type":"WebPage","@id":"https:\/\/ifly.io\/?page_id=7","url":"https:\/\/ifly.io\/?page_id=7","name":"Kontakt - IFly.io - Rundfl\u00fcge &amp; Flugerlebnisse","isPartOf":{"@id":"https:\/\/ifly.io\/#website"},"datePublished":"2021-04-21T14:59:50+00:00","dateModified":"2021-10-12T12:14:54+00:00","breadcrumb":{"@id":"https:\/\/ifly.io\/?page_id=7#breadcrumb"},"inLanguage":"de","potentialAction":[{"@type":"ReadAction","target":["https:\/\/ifly.io\/?page_id=7"]}]},{"@type":"BreadcrumbList","@id":"https:\/\/ifly.io\/?page_id=7#breadcrumb","itemListElement":[{"@type":"ListItem","position":1,"name":"Startseite","item":"https:\/\/ifly.io\/"},{"@type":"ListItem","position":2,"name":"Kontakt"}]},{"@type":"WebSite","@id":"https:\/\/ifly.io\/#website","url":"https:\/\/ifly.io\/","name":"IFly.io - Rundfl\u00fcge &amp; Flugerlebnisse","description":"Rundfl\u00fcge \u00fcber Frankfurt, die Skyline &amp; das Rhein-Main-Gebiet","publisher":{"@id":"https:\/\/ifly.io\/#organization"},"potentialAction":[{"@type":"SearchAction","target":{"@type":"EntryPoint","urlTemplate":"https:\/\/ifly.io\/?s={search_term_string}"},"query-input":{"@type":"PropertyValueSpecification","valueRequired":true,"valueName":"search_term_string"}}],"inLanguage":"de"},{"@type":"Organization","@id":"https:\/\/ifly.io\/#organization","name":"IFly.io - Rundfl\u00fcge &amp; Flugerlebnisse","url":"https:\/\/ifly.io\/","logo":{"@type":"ImageObject","inLanguage":"de","@id":"https:\/\/ifly.io\/#\/schema\/logo\/image\/","url":"https:\/\/ifly.io\/wp-content\/uploads\/2022\/02\/cropped-IFly.io-Rundfluege-Flugerlebnisse-1-e1644747150915.png","contentUrl":"https:\/\/ifly.io\/wp-content\/uploads\/2022\/02\/cropped-IFly.io-Rundfluege-Flugerlebnisse-1-e1644747150915.png","width":125,"height":126,"caption":"IFly.io - Rundfl\u00fcge &amp; Flugerlebnisse"},"image":{"@id":"https:\/\/ifly.io\/#\/schema\/logo\/image\/"}}]}},"_links":{"self":[{"href":"https:\/\/ifly.io\/index.php?rest_route=\/wp\/v2\/pages\/7","targetHints":{"allow":["GET"]}}],"collection":[{"href":"https:\/\/ifly.io\/index.php?rest_route=\/wp\/v2\/pages"}],"about":[{"href":"https:\/\/ifly.io\/index.php?rest_route=\/wp\/v2\/types\/page"}],"author":[{"embeddable":true,"href":"https:\/\/ifly.io\/index.php?rest_route=\/wp\/v2\/users\/1"}],"replies":[{"embeddable":true,"href":"https:\/\/ifly.io\/index.php?rest_route=%2Fwp%2Fv2%2Fcomments&post=7"}],"version-history":[{"count":5,"href":"https:\/\/ifly.io\/index.php?rest_route=\/wp\/v2\/pages\/7\/revisions"}],"predecessor-version":[{"id":597,"href":"https:\/\/ifly.io\/index.php?rest_route=\/wp\/v2\/pages\/7\/revisions\/597"}],"wp:attachment":[{"href":"https:\/\/ifly.io\/index.php?rest_route=%2Fwp%2Fv2%2Fmedia&parent=7"}],"curies":[{"name":"wp","href":"https:\/\/api.w.org\/{rel}","templated":true}]}}