{"id":586,"date":"2021-10-12T13:43:47","date_gmt":"2021-10-12T11:43:47","guid":{"rendered":"http:\/\/ifly.io\/?page_id=586"},"modified":"2022-08-07T12:12:24","modified_gmt":"2022-08-07T10:12:24","slug":"impressum","status":"publish","type":"page","link":"https:\/\/ifly.io\/?page_id=586","title":{"rendered":"Impressum \/ Haftung \/ Urheberrecht \/ Bildnachweis"},"content":{"rendered":"<h3>Impressum<\/h3>\n<p>Angaben gem\u00e4\u00df \u00a7 5 TMG:<\/p>\n<p>Martin Kriewald, Hauptstr. 34, 65795 Hattersheim<\/p>\n<p>Tel.: +49_6190_808_9785<\/p>\n<p>E-Mail: fly (at) ifly (.) io<\/p>\n<h3>Haftung<\/h3>\n<p>Die Inhalte dieser Website werden mit gr\u00f6\u00dftm\u00f6glicher Sorgfalt erstellt. Der Anbieter \u00fcbernimmt jedoch keine Gew\u00e4hr f\u00fcr die Richtigkeit, Vollst\u00e4ndigkeit und Aktualit\u00e4t der bereitgestellten Inhalte. Die Nutzung der Inhalte der Website erfolgt auf eigene Gefahr des Nutzers. Namentlich gekennzeichnete Beitr\u00e4ge geben die Meinung des jeweiligen Autors und nicht immer die Meinung des Anbieters wieder.<\/p>\n<h3>Urheberrecht<\/h3>\n<p>Copyright 2021 IFly.io &#8211; Martin Kriewald. Alle Rechte vorbehalten. Alle Inhalte (Texte, Bilder, Grafiken, Ton-, Video- und Animationsdateien sowie deren Anordnung u.a.) auf der IFly.io-Webseite unterliegen dem Schutz des Urheberrechts und anderer Schutzgesetze. Der Rechtsschutz gilt auch gegen\u00fcber Datenbanken und \u00e4hnlichen Einrichtungen. Die Inhalte sind nur f\u00fcr den bestimmungsgem\u00e4\u00dfen Abruf im Internet frei nutzbar. Die Inhalte der IFly.io-Webseite d\u00fcrfen au\u00dferhalb der Grenzen des Urheberrechts ohne schriftliche Genehmigung durch IFly.io &#8211; Martin Kriewald nicht in irgendeiner Form vervielf\u00e4ltigt, verbreitet, ver\u00e4ndert oder Dritten zug\u00e4nglich gemacht werden. Einige Bereiche der IFly.io-Webseite k\u00f6nnen au\u00dferdem Bilder enthalten, die dem Copyright Dritter unterliegen. Soweit nicht anders angegeben, sind alle Markenzeichen auf der der IFly.io-Webseite markenrechtlich gesch\u00fctzt.<\/p>\n<h3>Haftungsausschluss (Disclaimer)<\/h3>\n<p>Diese Website enth\u00e4lt Verkn\u00fcpfungen zu Websites Dritter (\u201eexterne Links\u201c). Diese Websites unterliegen der Haftung der jeweiligen Betreiber. Der Anbieter hat bei der erstmaligen Verkn\u00fcpfung der externen Links die fremden Inhalte daraufhin \u00fcberpr\u00fcft, ob etwaige Rechtsverst\u00f6\u00dfe bestehen. Zu dem Zeitpunkt waren keine Rechtsverst\u00f6\u00dfe ersichtlich. Der Anbieter hat keinerlei Einfluss auf die aktuelle und zuk\u00fcnftige Gestaltung und auf die Inhalte der verkn\u00fcpften Seiten. Das Setzen von externen Links bedeutet nicht, dass sich der Anbieter die hinter dem Verweis oder Link liegenden Inhalte zu Eigen macht. Eine st\u00e4ndige Kontrolle dieser externen Links ist f\u00fcr den Anbieter ohne konkrete Hinweise auf Rechtsverst\u00f6\u00dfe nicht zumutbar. Bei Kenntnis von Rechtsverst\u00f6\u00dfen werden jedoch derartige externe Links unverz\u00fcglich gel\u00f6scht.<\/p>\n<h3>Bildnachweis<\/h3>\n<p>Foto: <a href=\"https:\/\/www.istockphoto.com\/de\/foto\/aussichtspunkt-lorelei-st-goarshausen-gm1159185053-316885548\" data-testid=\"category-link-2\">Loreley &#8211; Sankt Goarshausen<\/a>, saiko3P\/iStock (https:\/\/www.istockphoto.com\/de\/portfolio\/saiko3p?mediatype=photography)<\/p>\n","protected":false},"excerpt":{"rendered":"<p>Impressum Angaben gem\u00e4\u00df \u00a7 5 TMG: Martin Kriewald, Hauptstr. 34, 65795 Hattersheim Tel.: +49_6190_808_9785 E-Mail: fly (at) ifly (.) io Haftung Die Inhalte dieser Website werden mit gr\u00f6\u00dftm\u00f6glicher Sorgfalt erstellt. Der Anbieter \u00fcbernimmt jedoch keine Gew\u00e4hr f\u00fcr die Richtigkeit, Vollst\u00e4ndigkeit und Aktualit\u00e4t der bereitgestellten Inhalte. Die Nutzung der Inhalte der Website erfolgt auf eigene Gefahr &hellip; <\/p>\n","protected":false},"author":1,"featured_media":0,"parent":0,"menu_order":0,"comment_status":"closed","ping_status":"closed","template":"","meta":{"footnotes":""},"class_list":["post-586","page","type-page","status-publish","hentry"],"yoast_head":"<!-- This site is optimized with the Yoast SEO plugin v27.5 - https:\/\/yoast.com\/product\/yoast-seo-wordpress\/ -->\n<title>Impressum \/ Haftung \/ Urheberrecht \/ Bildnachweis - IFly.io - Rundfl\u00fcge &amp; Flugerlebnisse<\/title>\n<meta name=\"robots\" content=\"index, follow, max-snippet:-1, max-image-preview:large, max-video-preview:-1\" \/>\n<link rel=\"canonical\" href=\"https:\/\/ifly.io\/?page_id=586\" \/>\n<meta property=\"og:locale\" content=\"de_DE\" \/>\n<meta property=\"og:type\" content=\"article\" \/>\n<meta property=\"og:title\" content=\"Impressum \/ Haftung \/ Urheberrecht \/ Bildnachweis - IFly.io - Rundfl\u00fcge &amp; Flugerlebnisse\" \/>\n<meta property=\"og:description\" content=\"Impressum Angaben gem\u00e4\u00df \u00a7 5 TMG: Martin Kriewald, Hauptstr. 34, 65795 Hattersheim Tel.: +49_6190_808_9785 E-Mail: fly (at) ifly (.) io Haftung Die Inhalte dieser Website werden mit gr\u00f6\u00dftm\u00f6glicher Sorgfalt erstellt. Der Anbieter \u00fcbernimmt jedoch keine Gew\u00e4hr f\u00fcr die Richtigkeit, Vollst\u00e4ndigkeit und Aktualit\u00e4t der bereitgestellten Inhalte. Die Nutzung der Inhalte der Website erfolgt auf eigene Gefahr &hellip;\" \/>\n<meta property=\"og:url\" content=\"https:\/\/ifly.io\/?page_id=586\" \/>\n<meta property=\"og:site_name\" content=\"IFly.io - Rundfl\u00fcge &amp; Flugerlebnisse\" \/>\n<meta property=\"article:modified_time\" content=\"2022-08-07T10:12:24+00:00\" \/>\n<meta name=\"twitter:card\" content=\"summary_large_image\" \/>\n<meta name=\"twitter:label1\" content=\"Gesch\u00e4tzte Lesezeit\" \/>\n\t<meta name=\"twitter:data1\" content=\"2\u00a0Minuten\" \/>\n<script type=\"application\/ld+json\" class=\"yoast-schema-graph\">{\"@context\":\"https:\\\/\\\/schema.org\",\"@graph\":[{\"@type\":\"WebPage\",\"@id\":\"https:\\\/\\\/ifly.io\\\/?page_id=586\",\"url\":\"https:\\\/\\\/ifly.io\\\/?page_id=586\",\"name\":\"Impressum \\\/ Haftung \\\/ Urheberrecht \\\/ Bildnachweis - IFly.io - Rundfl\u00fcge &amp; Flugerlebnisse\",\"isPartOf\":{\"@id\":\"https:\\\/\\\/ifly.io\\\/#website\"},\"datePublished\":\"2021-10-12T11:43:47+00:00\",\"dateModified\":\"2022-08-07T10:12:24+00:00\",\"breadcrumb\":{\"@id\":\"https:\\\/\\\/ifly.io\\\/?page_id=586#breadcrumb\"},\"inLanguage\":\"de\",\"potentialAction\":[{\"@type\":\"ReadAction\",\"target\":[\"https:\\\/\\\/ifly.io\\\/?page_id=586\"]}]},{\"@type\":\"BreadcrumbList\",\"@id\":\"https:\\\/\\\/ifly.io\\\/?page_id=586#breadcrumb\",\"itemListElement\":[{\"@type\":\"ListItem\",\"position\":1,\"name\":\"Startseite\",\"item\":\"https:\\\/\\\/ifly.io\\\/\"},{\"@type\":\"ListItem\",\"position\":2,\"name\":\"Impressum \\\/ Haftung \\\/ Urheberrecht \\\/ Bildnachweis\"}]},{\"@type\":\"WebSite\",\"@id\":\"https:\\\/\\\/ifly.io\\\/#website\",\"url\":\"https:\\\/\\\/ifly.io\\\/\",\"name\":\"IFly.io - Rundfl\u00fcge &amp; Flugerlebnisse\",\"description\":\"Rundfl\u00fcge \u00fcber Frankfurt, die Skyline &amp; das Rhein-Main-Gebiet\",\"publisher\":{\"@id\":\"https:\\\/\\\/ifly.io\\\/#organization\"},\"potentialAction\":[{\"@type\":\"SearchAction\",\"target\":{\"@type\":\"EntryPoint\",\"urlTemplate\":\"https:\\\/\\\/ifly.io\\\/?s={search_term_string}\"},\"query-input\":{\"@type\":\"PropertyValueSpecification\",\"valueRequired\":true,\"valueName\":\"search_term_string\"}}],\"inLanguage\":\"de\"},{\"@type\":\"Organization\",\"@id\":\"https:\\\/\\\/ifly.io\\\/#organization\",\"name\":\"IFly.io - Rundfl\u00fcge &amp; Flugerlebnisse\",\"url\":\"https:\\\/\\\/ifly.io\\\/\",\"logo\":{\"@type\":\"ImageObject\",\"inLanguage\":\"de\",\"@id\":\"https:\\\/\\\/ifly.io\\\/#\\\/schema\\\/logo\\\/image\\\/\",\"url\":\"https:\\\/\\\/ifly.io\\\/wp-content\\\/uploads\\\/2022\\\/02\\\/cropped-IFly.io-Rundfluege-Flugerlebnisse-1-e1644747150915.png\",\"contentUrl\":\"https:\\\/\\\/ifly.io\\\/wp-content\\\/uploads\\\/2022\\\/02\\\/cropped-IFly.io-Rundfluege-Flugerlebnisse-1-e1644747150915.png\",\"width\":125,\"height\":126,\"caption\":\"IFly.io - Rundfl\u00fcge &amp; Flugerlebnisse\"},\"image\":{\"@id\":\"https:\\\/\\\/ifly.io\\\/#\\\/schema\\\/logo\\\/image\\\/\"}}]}<\/script>\n<!-- \/ Yoast SEO plugin. -->","yoast_head_json":{"title":"Impressum \/ Haftung \/ Urheberrecht \/ Bildnachweis - IFly.io - Rundfl\u00fcge &amp; Flugerlebnisse","robots":{"index":"index","follow":"follow","max-snippet":"max-snippet:-1","max-image-preview":"max-image-preview:large","max-video-preview":"max-video-preview:-1"},"canonical":"https:\/\/ifly.io\/?page_id=586","og_locale":"de_DE","og_type":"article","og_title":"Impressum \/ Haftung \/ Urheberrecht \/ Bildnachweis - IFly.io - Rundfl\u00fcge &amp; Flugerlebnisse","og_description":"Impressum Angaben gem\u00e4\u00df \u00a7 5 TMG: Martin Kriewald, Hauptstr. 34, 65795 Hattersheim Tel.: +49_6190_808_9785 E-Mail: fly (at) ifly (.) io Haftung Die Inhalte dieser Website werden mit gr\u00f6\u00dftm\u00f6glicher Sorgfalt erstellt. Der Anbieter \u00fcbernimmt jedoch keine Gew\u00e4hr f\u00fcr die Richtigkeit, Vollst\u00e4ndigkeit und Aktualit\u00e4t der bereitgestellten Inhalte. Die Nutzung der Inhalte der Website erfolgt auf eigene Gefahr &hellip;","og_url":"https:\/\/ifly.io\/?page_id=586","og_site_name":"IFly.io - Rundfl\u00fcge &amp; Flugerlebnisse","article_modified_time":"2022-08-07T10:12:24+00:00","twitter_card":"summary_large_image","twitter_misc":{"Gesch\u00e4tzte Lesezeit":"2\u00a0Minuten"},"schema":{"@context":"https:\/\/schema.org","@graph":[{"@type":"WebPage","@id":"https:\/\/ifly.io\/?page_id=586","url":"https:\/\/ifly.io\/?page_id=586","name":"Impressum \/ Haftung \/ Urheberrecht \/ Bildnachweis - IFly.io - Rundfl\u00fcge &amp; Flugerlebnisse","isPartOf":{"@id":"https:\/\/ifly.io\/#website"},"datePublished":"2021-10-12T11:43:47+00:00","dateModified":"2022-08-07T10:12:24+00:00","breadcrumb":{"@id":"https:\/\/ifly.io\/?page_id=586#breadcrumb"},"inLanguage":"de","potentialAction":[{"@type":"ReadAction","target":["https:\/\/ifly.io\/?page_id=586"]}]},{"@type":"BreadcrumbList","@id":"https:\/\/ifly.io\/?page_id=586#breadcrumb","itemListElement":[{"@type":"ListItem","position":1,"name":"Startseite","item":"https:\/\/ifly.io\/"},{"@type":"ListItem","position":2,"name":"Impressum \/ Haftung \/ Urheberrecht \/ Bildnachweis"}]},{"@type":"WebSite","@id":"https:\/\/ifly.io\/#website","url":"https:\/\/ifly.io\/","name":"IFly.io - Rundfl\u00fcge &amp; Flugerlebnisse","description":"Rundfl\u00fcge \u00fcber Frankfurt, die Skyline &amp; das Rhein-Main-Gebiet","publisher":{"@id":"https:\/\/ifly.io\/#organization"},"potentialAction":[{"@type":"SearchAction","target":{"@type":"EntryPoint","urlTemplate":"https:\/\/ifly.io\/?s={search_term_string}"},"query-input":{"@type":"PropertyValueSpecification","valueRequired":true,"valueName":"search_term_string"}}],"inLanguage":"de"},{"@type":"Organization","@id":"https:\/\/ifly.io\/#organization","name":"IFly.io - Rundfl\u00fcge &amp; Flugerlebnisse","url":"https:\/\/ifly.io\/","logo":{"@type":"ImageObject","inLanguage":"de","@id":"https:\/\/ifly.io\/#\/schema\/logo\/image\/","url":"https:\/\/ifly.io\/wp-content\/uploads\/2022\/02\/cropped-IFly.io-Rundfluege-Flugerlebnisse-1-e1644747150915.png","contentUrl":"https:\/\/ifly.io\/wp-content\/uploads\/2022\/02\/cropped-IFly.io-Rundfluege-Flugerlebnisse-1-e1644747150915.png","width":125,"height":126,"caption":"IFly.io - Rundfl\u00fcge &amp; Flugerlebnisse"},"image":{"@id":"https:\/\/ifly.io\/#\/schema\/logo\/image\/"}}]}},"_links":{"self":[{"href":"https:\/\/ifly.io\/index.php?rest_route=\/wp\/v2\/pages\/586","targetHints":{"allow":["GET"]}}],"collection":[{"href":"https:\/\/ifly.io\/index.php?rest_route=\/wp\/v2\/pages"}],"about":[{"href":"https:\/\/ifly.io\/index.php?rest_route=\/wp\/v2\/types\/page"}],"author":[{"embeddable":true,"href":"https:\/\/ifly.io\/index.php?rest_route=\/wp\/v2\/users\/1"}],"replies":[{"embeddable":true,"href":"https:\/\/ifly.io\/index.php?rest_route=%2Fwp%2Fv2%2Fcomments&post=586"}],"version-history":[{"count":5,"href":"https:\/\/ifly.io\/index.php?rest_route=\/wp\/v2\/pages\/586\/revisions"}],"predecessor-version":[{"id":1531,"href":"https:\/\/ifly.io\/index.php?rest_route=\/wp\/v2\/pages\/586\/revisions\/1531"}],"wp:attachment":[{"href":"https:\/\/ifly.io\/index.php?rest_route=%2Fwp%2Fv2%2Fmedia&parent=586"}],"curies":[{"name":"wp","href":"https:\/\/api.w.org\/{rel}","templated":true}]}}